{"id":1923,"date":"2019-04-29T11:10:25","date_gmt":"2019-04-29T09:10:25","guid":{"rendered":"https:\/\/anzeindaz.com\/activites\/"},"modified":"2023-07-18T11:06:32","modified_gmt":"2023-07-18T09:06:32","slug":"aktivitaten","status":"publish","type":"page","link":"https:\/\/anzeindaz.com\/de\/aktivitaten\/","title":{"rendered":"AKTIVIT\u00c4TEN"},"content":{"rendered":"<p>[et_pb_section fb_built=&#8220;1&#8243; admin_label=&#8220;Page Title Section&#8220; _builder_version=&#8220;3.22.3&#8243; use_background_color_gradient=&#8220;on&#8220; background_color_gradient_start=&#8220;rgba(0,0,0,0.45)&#8220; background_color_gradient_end=&#8220;rgba(0,0,0,0)&#8220; background_color_gradient_direction=&#8220;120deg&#8220; background_color_gradient_overlays_image=&#8220;on&#8220; background_image=&#8220;https:\/\/anzeindaz.com\/wp-content\/uploads\/2019\/04\/haut-min.jpg&#8220; custom_padding=&#8220;110px||164px||false|false&#8220; global_colors_info=&#8220;{}&#8220;][et_pb_row column_structure=&#8220;2_3,1_3&#8243; admin_label=&#8220;Page Title Area&#8220; _builder_version=&#8220;3.25&#8243; background_size=&#8220;initial&#8220; background_position=&#8220;top_left&#8220; background_repeat=&#8220;repeat&#8220; global_colors_info=&#8220;{}&#8220;][et_pb_column type=&#8220;2_3&#8243; _builder_version=&#8220;3.25&#8243; custom_padding=&#8220;|||&#8220; global_colors_info=&#8220;{}&#8220; custom_padding__hover=&#8220;|||&#8220;][et_pb_text admin_label=&#8220;Title&#8220; _builder_version=&#8220;4.11.1&#8243; text_font=&#8220;||||||||&#8220; header_font=&#8220;Poppins|500|||||||&#8220; header_font_size=&#8220;60px&#8220; header_line_height=&#8220;1.2em&#8220; header_2_font=&#8220;||||||||&#8220; background_layout=&#8220;dark&#8220; custom_margin=&#8220;||20px|&#8220; custom_padding=&#8220;|||&#8220; animation_style=&#8220;fade&#8220; hover_enabled=&#8220;0&#8243; header_font_size_tablet=&#8220;&#8220; header_font_size_phone=&#8220;40px&#8220; header_font_size_last_edited=&#8220;on|desktop&#8220; header_2_font_size_last_edited=&#8220;off|desktop&#8220; global_colors_info=&#8220;{}&#8220; sticky_enabled=&#8220;0&#8243;]<\/p>\n<h1>AKTIVIT\u00c4TEN<\/h1>\n<p>[\/et_pb_text][\/et_pb_column][et_pb_column type=&#8220;1_3&#8243; _builder_version=&#8220;3.25&#8243; custom_padding=&#8220;|||&#8220; global_colors_info=&#8220;{}&#8220; custom_padding__hover=&#8220;|||&#8220;][\/et_pb_column][\/et_pb_row][\/et_pb_section][et_pb_section fb_built=&#8220;1&#8243; admin_label=&#8220;Class Details Section&#8220; _builder_version=&#8220;3.22.3&#8243; background_color=&#8220;#efe9e4&#8243; custom_padding=&#8220;98px||90px||false|false&#8220; global_colors_info=&#8220;{}&#8220;][et_pb_row admin_label=&#8220;Course Overview Area &#8220; _builder_version=&#8220;3.25&#8243; custom_margin=&#8220;|||&#8220; custom_padding=&#8220;7px|0px|27px|0px|false|false&#8220; global_colors_info=&#8220;{}&#8220;][et_pb_column type=&#8220;4_4&#8243; _builder_version=&#8220;3.25&#8243; custom_padding=&#8220;|||&#8220; global_colors_info=&#8220;{}&#8220; custom_padding__hover=&#8220;|||&#8220;][et_pb_text admin_label=&#8220;Title&#8220; _builder_version=&#8220;3.27.4&#8243; header_font=&#8220;||||||||&#8220; header_3_font=&#8220;Poppins|600|||||||&#8220; header_3_line_height=&#8220;1.2em&#8220; custom_margin=&#8220;||20px|&#8220; animation_style=&#8220;fade&#8220; global_colors_info=&#8220;{}&#8220;]<\/p>\n<h3><\/h3>\n<p>[\/et_pb_text][et_pb_text _builder_version=&#8220;4.11.1&#8243; text_font=&#8220;Poppins||||||||&#8220; text_font_size=&#8220;18px&#8220; text_line_height=&#8220;1.8em&#8220; header_font=&#8220;||||||||&#8220; header_3_font=&#8220;||||||||&#8220; animation_style=&#8220;fade&#8220; hover_enabled=&#8220;0&#8243; global_colors_info=&#8220;{}&#8220; sticky_enabled=&#8220;0&#8243;]<\/p>\n<p style=\"text-align: center;\"><strong>Was auch immer Ihre Interessengebiete sind, Sie werden von dem Reichtum, den die wundersch\u00f6ne Hochebene von Anzeindaz und ihre Region zu bieten haben, begeistert sein! Ob Sie nun eher Sport (Wandern, Mountainbiken, Klettern usw.) die Natur (Botanik, Fauna, Geologie usw.) oder einfach nur die Entspannung lieben, es ist f\u00fcr jeden Geschmack etwas dabei.<\/strong><\/p>\n<p>&nbsp;[\/et_pb_text][\/et_pb_column][\/et_pb_row][et_pb_row column_structure=&#8220;1_3,1_3,1_3&#8243; _builder_version=&#8220;3.25&#8243; global_colors_info=&#8220;{}&#8220;][et_pb_column type=&#8220;1_3&#8243; _builder_version=&#8220;3.25&#8243; custom_padding=&#8220;|||&#8220; global_colors_info=&#8220;{}&#8220; custom_padding__hover=&#8220;|||&#8220;][et_pb_button button_url=&#8220;https:\/\/anzeindaz.com\/de\/sport\/&#8220; button_text=&#8220;Sport&#8220; button_alignment=&#8220;center&#8220; _builder_version=&#8220;4.11.1&#8243; custom_button=&#8220;on&#8220; button_text_size=&#8220;14px&#8220; button_text_color=&#8220;#ffffff&#8220; button_bg_color=&#8220;#5B6432&#8243; button_border_width=&#8220;8px&#8220; button_border_color=&#8220;#5B6432&#8243; button_border_radius=&#8220;0px&#8220; button_letter_spacing=&#8220;2px&#8220; button_font=&#8220;Poppins|600||on|||||&#8220; button_icon=&#8220;%%3%%&#8220; custom_margin=&#8220;10px|||&#8220; animation_style=&#8220;fade&#8220; hover_enabled=&#8220;0&#8243; global_colors_info=&#8220;{}&#8220; button_text_size__hover_enabled=&#8220;off&#8220; button_one_text_size__hover_enabled=&#8220;off&#8220; button_two_text_size__hover_enabled=&#8220;off&#8220; button_text_color__hover_enabled=&#8220;off&#8220; button_one_text_color__hover_enabled=&#8220;off&#8220; button_two_text_color__hover_enabled=&#8220;off&#8220; button_border_width__hover_enabled=&#8220;off&#8220; button_one_border_width__hover_enabled=&#8220;off&#8220; button_two_border_width__hover_enabled=&#8220;off&#8220; button_border_color__hover_enabled=&#8220;off&#8220; button_one_border_color__hover_enabled=&#8220;off&#8220; button_two_border_color__hover_enabled=&#8220;off&#8220; button_border_radius__hover_enabled=&#8220;off&#8220; button_one_border_radius__hover_enabled=&#8220;off&#8220; button_two_border_radius__hover_enabled=&#8220;off&#8220; button_letter_spacing__hover_enabled=&#8220;off&#8220; button_one_letter_spacing__hover_enabled=&#8220;off&#8220; button_two_letter_spacing__hover_enabled=&#8220;off&#8220; button_bg_color__hover_enabled=&#8220;off&#8220; button_one_bg_color__hover_enabled=&#8220;off&#8220; button_two_bg_color__hover_enabled=&#8220;off&#8220; sticky_enabled=&#8220;0&#8243;][\/et_pb_button][\/et_pb_column][et_pb_column type=&#8220;1_3&#8243; _builder_version=&#8220;3.25&#8243; custom_padding=&#8220;|||&#8220; global_colors_info=&#8220;{}&#8220; custom_padding__hover=&#8220;|||&#8220;][\/et_pb_column][et_pb_column type=&#8220;1_3&#8243; _builder_version=&#8220;3.25&#8243; custom_padding=&#8220;|||&#8220; global_colors_info=&#8220;{}&#8220; custom_padding__hover=&#8220;|||&#8220;][et_pb_button button_url=&#8220;https:\/\/anzeindaz.com\/de\/natur\/&#8220; button_text=&#8220;NATUR&#8220; button_alignment=&#8220;center&#8220; _builder_version=&#8220;4.11.1&#8243; custom_button=&#8220;on&#8220; button_text_size=&#8220;14px&#8220; button_text_color=&#8220;#ffffff&#8220; button_bg_color=&#8220;#5B6432&#8243; button_border_width=&#8220;8px&#8220; button_border_color=&#8220;#5B6432&#8243; button_border_radius=&#8220;0px&#8220; button_letter_spacing=&#8220;2px&#8220; button_font=&#8220;Poppins|600||on|||||&#8220; button_icon=&#8220;%%3%%&#8220; custom_margin=&#8220;10px|||&#8220; animation_style=&#8220;fade&#8220; hover_enabled=&#8220;0&#8243; global_colors_info=&#8220;{}&#8220; button_text_size__hover_enabled=&#8220;off&#8220; button_one_text_size__hover_enabled=&#8220;off&#8220; button_two_text_size__hover_enabled=&#8220;off&#8220; button_text_color__hover_enabled=&#8220;off&#8220; button_one_text_color__hover_enabled=&#8220;off&#8220; button_two_text_color__hover_enabled=&#8220;off&#8220; button_border_width__hover_enabled=&#8220;off&#8220; button_one_border_width__hover_enabled=&#8220;off&#8220; button_two_border_width__hover_enabled=&#8220;off&#8220; button_border_color__hover_enabled=&#8220;off&#8220; button_one_border_color__hover_enabled=&#8220;off&#8220; button_two_border_color__hover_enabled=&#8220;off&#8220; button_border_radius__hover_enabled=&#8220;off&#8220; button_one_border_radius__hover_enabled=&#8220;off&#8220; button_two_border_radius__hover_enabled=&#8220;off&#8220; button_letter_spacing__hover_enabled=&#8220;off&#8220; button_one_letter_spacing__hover_enabled=&#8220;off&#8220; button_two_letter_spacing__hover_enabled=&#8220;off&#8220; button_bg_color__hover_enabled=&#8220;off&#8220; button_one_bg_color__hover_enabled=&#8220;off&#8220; button_two_bg_color__hover_enabled=&#8220;off&#8220; sticky_enabled=&#8220;0&#8243;][\/et_pb_button][\/et_pb_column][\/et_pb_row][\/et_pb_section][et_pb_section fb_built=&#8220;1&#8243; admin_label=&#8220;Gallery Section &#8220; _builder_version=&#8220;3.22.3&#8243; background_color=&#8220;#1C2938&#8243; custom_padding=&#8220;90px||90px|&#8220; global_colors_info=&#8220;{}&#8220;][et_pb_row admin_label=&#8220;Gallery Area&#8220; _builder_version=&#8220;3.25&#8243; locked=&#8220;off&#8220; global_colors_info=&#8220;{}&#8220;][et_pb_column type=&#8220;4_4&#8243; _builder_version=&#8220;3.25&#8243; custom_padding=&#8220;|||&#8220; global_colors_info=&#8220;{}&#8220; custom_padding__hover=&#8220;|||&#8220;][et_pb_text admin_label=&#8220;Title&#8220; _builder_version=&#8220;4.11.1&#8243; text_font=&#8220;||||||||&#8220; header_font=&#8220;||||||||&#8220; header_2_font=&#8220;Poppins|500|||||||&#8220; header_2_text_align=&#8220;center&#8220; header_2_font_size=&#8220;36px&#8220; header_2_line_height=&#8220;1.2em&#8220; background_layout=&#8220;dark&#8220; custom_margin=&#8220;||0px|&#8220; custom_padding=&#8220;|||&#8220; animation_style=&#8220;fade&#8220; hover_enabled=&#8220;0&#8243; global_colors_info=&#8220;{}&#8220; sticky_enabled=&#8220;0&#8243;]<\/p>\n<h2>AKTIVIT\u00c4TEN<\/h2>\n<p>[\/et_pb_text][et_pb_divider color=&#8220;#ffffff&#8220; divider_position=&#8220;center&#8220; divider_weight=&#8220;3px&#8220; _builder_version=&#8220;3.21.4&#8243; max_width=&#8220;50px&#8220; module_alignment=&#8220;center&#8220; animation_style=&#8220;slide&#8220; animation_direction=&#8220;top&#8220; animation_intensity_slide=&#8220;10%&#8220; animation_starting_opacity=&#8220;100%&#8220; global_colors_info=&#8220;{}&#8220;][\/et_pb_divider][\/et_pb_column][\/et_pb_row][et_pb_row column_structure=&#8220;1_3,1_3,1_3&#8243; admin_label=&#8220;Photos&#8220; _builder_version=&#8220;3.25&#8243; custom_padding=&#8220;27px|0px|0|0px|false|false&#8220; global_colors_info=&#8220;{}&#8220;][et_pb_column type=&#8220;1_3&#8243; _builder_version=&#8220;3.25&#8243; custom_padding=&#8220;|||&#8220; global_colors_info=&#8220;{}&#8220; custom_padding__hover=&#8220;|||&#8220;][et_pb_image src=&#8220;https:\/\/anzeindaz.com\/wp-content\/uploads\/2019\/05\/16-min.jpg&#8220; show_in_lightbox=&#8220;on&#8220; force_fullwidth=&#8220;on&#8220; align_tablet=&#8220;center&#8220; align_phone=&#8220;&#8220; align_last_edited=&#8220;on|desktop&#8220; _builder_version=&#8220;3.23&#8243; animation_style=&#8220;fade&#8220; global_colors_info=&#8220;{}&#8220;][\/et_pb_image][et_pb_image show_in_lightbox=&#8220;on&#8220; force_fullwidth=&#8220;on&#8220; align_tablet=&#8220;center&#8220; align_phone=&#8220;&#8220; align_last_edited=&#8220;on|desktop&#8220; _builder_version=&#8220;3.23&#8243; animation_style=&#8220;fade&#8220; global_colors_info=&#8220;{}&#8220;][\/et_pb_image][\/et_pb_column][et_pb_column type=&#8220;1_3&#8243; _builder_version=&#8220;3.25&#8243; custom_padding=&#8220;|||&#8220; global_colors_info=&#8220;{}&#8220; custom_padding__hover=&#8220;|||&#8220;][et_pb_image src=&#8220;https:\/\/anzeindaz.com\/wp-content\/uploads\/2019\/05\/Bruy\u00e8re-29.5.18-min.jpg&#8220; show_in_lightbox=&#8220;on&#8220; force_fullwidth=&#8220;on&#8220; align_tablet=&#8220;center&#8220; align_phone=&#8220;&#8220; align_last_edited=&#8220;on|desktop&#8220; _builder_version=&#8220;3.23&#8243; animation_style=&#8220;fade&#8220; global_colors_info=&#8220;{}&#8220;][\/et_pb_image][\/et_pb_column][et_pb_column type=&#8220;1_3&#8243; _builder_version=&#8220;3.25&#8243; custom_padding=&#8220;|||&#8220; global_colors_info=&#8220;{}&#8220; custom_padding__hover=&#8220;|||&#8220;][et_pb_image src=&#8220;https:\/\/anzeindaz.com\/wp-content\/uploads\/2019\/05\/1A_environnement_041-1-min.jpg&#8220; show_in_lightbox=&#8220;on&#8220; force_fullwidth=&#8220;on&#8220; align_tablet=&#8220;center&#8220; align_phone=&#8220;&#8220; align_last_edited=&#8220;on|desktop&#8220; _builder_version=&#8220;3.23&#8243; animation_style=&#8220;fade&#8220; global_colors_info=&#8220;{}&#8220;][\/et_pb_image][\/et_pb_column][\/et_pb_row][\/et_pb_section][et_pb_section fb_built=&#8220;1&#8243; admin_label=&#8220;Divider Section&#8220; _builder_version=&#8220;3.22.3&#8243; background_color=&#8220;#1C2938&#8243; custom_padding=&#8220;0px||0px|&#8220; global_colors_info=&#8220;{}&#8220;][et_pb_row admin_label=&#8220;Divider Area&#8220; _builder_version=&#8220;3.25&#8243; custom_padding=&#8220;0px||0px|&#8220; global_colors_info=&#8220;{}&#8220;][et_pb_column type=&#8220;4_4&#8243; _builder_version=&#8220;3.25&#8243; custom_padding=&#8220;|||&#8220; global_colors_info=&#8220;{}&#8220; custom_padding__hover=&#8220;|||&#8220;][et_pb_divider color=&#8220;rgba(255,255,255,0.12)&#8220; divider_position=&#8220;center&#8220; _builder_version=&#8220;3.2&#8243; global_colors_info=&#8220;{}&#8220;][\/et_pb_divider][\/et_pb_column][\/et_pb_row][\/et_pb_section][et_pb_section fb_built=&#8220;1&#8243; admin_label=&#8220;Footer Section&#8220; _builder_version=&#8220;3.22.3&#8243; background_color=&#8220;#1C2938&#8243; custom_padding=&#8220;38px||23px||false|false&#8220; global_colors_info=&#8220;{}&#8220;][et_pb_row column_structure=&#8220;1_3,1_3,1_3&#8243; admin_label=&#8220;Footer Area&#8220; _builder_version=&#8220;3.25&#8243; custom_padding=&#8220;27px|0px|26px|0px|false|false&#8220; global_colors_info=&#8220;{}&#8220;][et_pb_column type=&#8220;1_3&#8243; _builder_version=&#8220;3.25&#8243; custom_padding=&#8220;|||&#8220; global_colors_info=&#8220;{}&#8220; custom_padding__hover=&#8220;|||&#8220;][et_pb_text ul_type=&#8220;none&#8220; admin_label=&#8220;Title&#8220; _builder_version=&#8220;3.27.4&#8243; text_font=&#8220;Poppins||||||||&#8220; text_text_color=&#8220;rgba(255,255,255,0.7)&#8220; text_font_size=&#8220;16px&#8220; text_line_height=&#8220;1.8em&#8220; ul_font=&#8220;Poppins||||||||&#8220; ul_text_align=&#8220;center&#8220; header_font=&#8220;||||||||&#8220; header_2_font=&#8220;Poppins||||||||&#8220; header_2_text_align=&#8220;center&#8220; header_2_font_size=&#8220;24px&#8220; header_2_line_height=&#8220;1.4em&#8220; text_orientation=&#8220;center&#8220; background_layout=&#8220;dark&#8220; custom_margin=&#8220;||15px|&#8220; custom_padding=&#8220;|||&#8220; animation_style=&#8220;fade&#8220; global_colors_info=&#8220;{}&#8220;]<\/p>\n<h2>Adresse<\/h2>\n<p>Anzeindaz &#8211; CP 25<br \/> 1882 Gryon<\/p>\n<p>[\/et_pb_text][\/et_pb_column][et_pb_column type=&#8220;1_3&#8243; _builder_version=&#8220;3.25&#8243; custom_padding=&#8220;|||&#8220; global_colors_info=&#8220;{}&#8220; custom_padding__hover=&#8220;|||&#8220;][et_pb_text ul_type=&#8220;none&#8220; admin_label=&#8220;Title&#8220; _builder_version=&#8220;3.27.4&#8243; text_font=&#8220;Poppins||||||||&#8220; text_text_color=&#8220;rgba(255,255,255,0.7)&#8220; text_font_size=&#8220;16px&#8220; text_line_height=&#8220;1.8em&#8220; ul_font=&#8220;Poppins||||||||&#8220; ul_text_align=&#8220;center&#8220; header_font=&#8220;||||||||&#8220; header_2_font=&#8220;Poppins||||||||&#8220; header_2_text_align=&#8220;center&#8220; header_2_font_size=&#8220;24px&#8220; header_2_line_height=&#8220;1.4em&#8220; text_orientation=&#8220;center&#8220; background_layout=&#8220;dark&#8220; custom_margin=&#8220;||15px|&#8220; custom_padding=&#8220;|||&#8220; animation_style=&#8220;fade&#8220; global_colors_info=&#8220;{}&#8220;]<\/p>\n<h2>E-mail<\/h2>\n<p><a href=\"mailto:refuge@anzeindaz.com\">refuge@anzeindaz.com<\/a><\/p>\n<p>[\/et_pb_text][\/et_pb_column][et_pb_column type=&#8220;1_3&#8243; _builder_version=&#8220;3.25&#8243; custom_padding=&#8220;|||&#8220; global_colors_info=&#8220;{}&#8220; custom_padding__hover=&#8220;|||&#8220;][et_pb_text ul_type=&#8220;none&#8220; admin_label=&#8220;Title&#8220; _builder_version=&#8220;4.11.1&#8243; text_font=&#8220;Poppins||||||||&#8220; text_text_color=&#8220;rgba(255,255,255,0.7)&#8220; text_font_size=&#8220;16px&#8220; text_line_height=&#8220;1.8em&#8220; ul_font=&#8220;Poppins||||||||&#8220; ul_text_align=&#8220;center&#8220; header_font=&#8220;||||||||&#8220; header_2_font=&#8220;Poppins||||||||&#8220; header_2_text_align=&#8220;center&#8220; header_2_font_size=&#8220;24px&#8220; header_2_line_height=&#8220;1.4em&#8220; text_orientation=&#8220;center&#8220; background_layout=&#8220;dark&#8220; custom_margin=&#8220;||15px|&#8220; custom_padding=&#8220;|||&#8220; animation_style=&#8220;fade&#8220; hover_enabled=&#8220;0&#8243; global_colors_info=&#8220;{}&#8220; sticky_enabled=&#8220;0&#8243;]<\/p>\n<h2>Telefon<\/h2>\n<p>+41 24 498 22 95[\/et_pb_text][\/et_pb_column][\/et_pb_row][et_pb_row disabled_on=&#8220;off|off|off&#8220; admin_label=&#8220;Social Media&#8220; _builder_version=&#8220;3.25&#8243; custom_margin=&#8220;30px|||&#8220; global_colors_info=&#8220;{}&#8220;][et_pb_column type=&#8220;4_4&#8243; _builder_version=&#8220;3.25&#8243; custom_padding=&#8220;|||&#8220; global_colors_info=&#8220;{}&#8220; custom_padding__hover=&#8220;|||&#8220;][et_pb_social_media_follow _builder_version=&#8220;3.21.4&#8243; text_orientation=&#8220;center&#8220; global_colors_info=&#8220;{}&#8220;][et_pb_social_media_follow_network social_network=&#8220;facebook&#8220; url=&#8220;https:\/\/www.facebook.com\/RefugeGiacomini\/&#8220; _builder_version=&#8220;3.21.4&#8243; background_color=&#8220;#5B6432&#8243; custom_margin=&#8220;|8px||8px&#8220; custom_padding=&#8220;14px|14px|14px|14px&#8220; border_radii=&#8220;on|100px|100px|100px|100px&#8220; global_colors_info=&#8220;{}&#8220; follow_button=&#8220;off&#8220; url_new_window=&#8220;on&#8220;]facebook[\/et_pb_social_media_follow_network][et_pb_social_media_follow_network social_network=&#8220;instagram&#8220; url=&#8220;https:\/\/www.instagram.com\/refugegiacomini\/&#8220; _builder_version=&#8220;3.21.4&#8243; background_color=&#8220;#5B6432&#8243; custom_margin=&#8220;|8px||8px&#8220; custom_padding=&#8220;14px|14px|14px|14px&#8220; border_radii=&#8220;on|100px|100px|100px|100px&#8220; global_colors_info=&#8220;{}&#8220; follow_button=&#8220;off&#8220; url_new_window=&#8220;on&#8220;]instagram[\/et_pb_social_media_follow_network][\/et_pb_social_media_follow][\/et_pb_column][\/et_pb_row][\/et_pb_section]<\/p>\n","protected":false},"excerpt":{"rendered":"<p>AKTIVIT\u00c4TENWas auch immer Ihre Interessengebiete sind, Sie werden von dem Reichtum, den die wundersch\u00f6ne Hochebene von Anzeindaz und ihre Region zu bieten haben, begeistert sein! Ob Sie nun eher Sport (Wandern, Mountainbiken, Klettern usw.) die Natur (Botanik, Fauna, Geologie usw.) oder einfach nur die Entspannung lieben, es ist f\u00fcr jeden Geschmack etwas dabei. &nbsp;AKTIVIT\u00c4TENAdresse Anzeindaz [&hellip;]<\/p>\n","protected":false},"author":6,"featured_media":0,"parent":0,"menu_order":0,"comment_status":"closed","ping_status":"closed","template":"","meta":{"_et_pb_use_builder":"on","_et_pb_old_content":"","_et_gb_content_width":"","footnotes":""},"class_list":["post-1923","page","type-page","status-publish","hentry"],"yoast_head":"<!-- This site is optimized with the Yoast SEO plugin v25.5 - https:\/\/yoast.com\/wordpress\/plugins\/seo\/ -->\n<title>AKTIVIT\u00c4TEN &#8212; Refuge Giacomini<\/title>\n<meta name=\"robots\" content=\"index, follow, max-snippet:-1, max-image-preview:large, max-video-preview:-1\" \/>\n<link rel=\"canonical\" href=\"https:\/\/anzeindaz.com\/activites\/\" \/>\n<meta property=\"og:locale\" content=\"de_DE\" \/>\n<meta property=\"og:type\" content=\"article\" \/>\n<meta property=\"og:title\" content=\"AKTIVIT\u00c4TEN &#8212; Refuge Giacomini\" \/>\n<meta property=\"og:description\" content=\"AKTIVIT\u00c4TENWas auch immer Ihre Interessengebiete sind, Sie werden von dem Reichtum, den die wundersch\u00f6ne Hochebene von Anzeindaz und ihre Region zu bieten haben, begeistert sein! Ob Sie nun eher Sport (Wandern, Mountainbiken, Klettern usw.) die Natur (Botanik, Fauna, Geologie usw.) oder einfach nur die Entspannung lieben, es ist f\u00fcr jeden Geschmack etwas dabei. &nbsp;AKTIVIT\u00c4TENAdresse Anzeindaz [&hellip;]\" \/>\n<meta property=\"og:url\" content=\"https:\/\/anzeindaz.com\/activites\/\" \/>\n<meta property=\"og:site_name\" content=\"Refuge Giacomini\" \/>\n<meta property=\"article:publisher\" content=\"https:\/\/www.facebook.com\/RefugeGiacomini\/?modal=admin_todo_tour\" \/>\n<meta property=\"article:modified_time\" content=\"2023-07-18T09:06:32+00:00\" \/>\n<meta name=\"twitter:card\" content=\"summary_large_image\" \/>\n<meta name=\"twitter:label1\" content=\"Gesch\u00e4tzte Lesezeit\" \/>\n\t<meta name=\"twitter:data1\" content=\"9\u00a0Minuten\" \/>\n<script type=\"application\/ld+json\" class=\"yoast-schema-graph\">{\"@context\":\"https:\/\/schema.org\",\"@graph\":[{\"@type\":\"WebPage\",\"@id\":\"https:\/\/anzeindaz.com\/activites\/\",\"url\":\"https:\/\/anzeindaz.com\/activites\/\",\"name\":\"AKTIVIT\u00c4TEN &#8212; Refuge Giacomini\",\"isPartOf\":{\"@id\":\"https:\/\/anzeindaz.com\/#website\"},\"datePublished\":\"2019-04-29T09:10:25+00:00\",\"dateModified\":\"2023-07-18T09:06:32+00:00\",\"breadcrumb\":{\"@id\":\"https:\/\/anzeindaz.com\/activites\/#breadcrumb\"},\"inLanguage\":\"de\",\"potentialAction\":[{\"@type\":\"ReadAction\",\"target\":[\"https:\/\/anzeindaz.com\/activites\/\"]}]},{\"@type\":\"BreadcrumbList\",\"@id\":\"https:\/\/anzeindaz.com\/activites\/#breadcrumb\",\"itemListElement\":[{\"@type\":\"ListItem\",\"position\":1,\"name\":\"Accueil\",\"item\":\"https:\/\/anzeindaz.com\/de\/\"},{\"@type\":\"ListItem\",\"position\":2,\"name\":\"AKTIVIT\u00c4TEN\"}]},{\"@type\":\"WebSite\",\"@id\":\"https:\/\/anzeindaz.com\/#website\",\"url\":\"https:\/\/anzeindaz.com\/\",\"name\":\"Refuge Giacomini\",\"description\":\"Ma parenth\u00e8se hors du temps\",\"publisher\":{\"@id\":\"https:\/\/anzeindaz.com\/#organization\"},\"potentialAction\":[{\"@type\":\"SearchAction\",\"target\":{\"@type\":\"EntryPoint\",\"urlTemplate\":\"https:\/\/anzeindaz.com\/?s={search_term_string}\"},\"query-input\":{\"@type\":\"PropertyValueSpecification\",\"valueRequired\":true,\"valueName\":\"search_term_string\"}}],\"inLanguage\":\"de\"},{\"@type\":\"Organization\",\"@id\":\"https:\/\/anzeindaz.com\/#organization\",\"name\":\"Refuge Giacomini\",\"url\":\"https:\/\/anzeindaz.com\/\",\"logo\":{\"@type\":\"ImageObject\",\"inLanguage\":\"de\",\"@id\":\"https:\/\/anzeindaz.com\/#\/schema\/logo\/image\/\",\"url\":\"https:\/\/anzeindaz.com\/wp-content\/uploads\/2019\/04\/LOGO-RZ-black.jpg\",\"contentUrl\":\"https:\/\/anzeindaz.com\/wp-content\/uploads\/2019\/04\/LOGO-RZ-black.jpg\",\"width\":600,\"height\":600,\"caption\":\"Refuge Giacomini\"},\"image\":{\"@id\":\"https:\/\/anzeindaz.com\/#\/schema\/logo\/image\/\"},\"sameAs\":[\"https:\/\/www.facebook.com\/RefugeGiacomini\/?modal=admin_todo_tour\",\"https:\/\/www.instagram.com\/refugegiacomini\/\"]}]}<\/script>\n<!-- \/ Yoast SEO plugin. -->","yoast_head_json":{"title":"AKTIVIT\u00c4TEN &#8212; Refuge Giacomini","robots":{"index":"index","follow":"follow","max-snippet":"max-snippet:-1","max-image-preview":"max-image-preview:large","max-video-preview":"max-video-preview:-1"},"canonical":"https:\/\/anzeindaz.com\/activites\/","og_locale":"de_DE","og_type":"article","og_title":"AKTIVIT\u00c4TEN &#8212; Refuge Giacomini","og_description":"AKTIVIT\u00c4TENWas auch immer Ihre Interessengebiete sind, Sie werden von dem Reichtum, den die wundersch\u00f6ne Hochebene von Anzeindaz und ihre Region zu bieten haben, begeistert sein! Ob Sie nun eher Sport (Wandern, Mountainbiken, Klettern usw.) die Natur (Botanik, Fauna, Geologie usw.) oder einfach nur die Entspannung lieben, es ist f\u00fcr jeden Geschmack etwas dabei. &nbsp;AKTIVIT\u00c4TENAdresse Anzeindaz [&hellip;]","og_url":"https:\/\/anzeindaz.com\/activites\/","og_site_name":"Refuge Giacomini","article_publisher":"https:\/\/www.facebook.com\/RefugeGiacomini\/?modal=admin_todo_tour","article_modified_time":"2023-07-18T09:06:32+00:00","twitter_card":"summary_large_image","twitter_misc":{"Gesch\u00e4tzte Lesezeit":"9\u00a0Minuten"},"schema":{"@context":"https:\/\/schema.org","@graph":[{"@type":"WebPage","@id":"https:\/\/anzeindaz.com\/activites\/","url":"https:\/\/anzeindaz.com\/activites\/","name":"AKTIVIT\u00c4TEN &#8212; Refuge Giacomini","isPartOf":{"@id":"https:\/\/anzeindaz.com\/#website"},"datePublished":"2019-04-29T09:10:25+00:00","dateModified":"2023-07-18T09:06:32+00:00","breadcrumb":{"@id":"https:\/\/anzeindaz.com\/activites\/#breadcrumb"},"inLanguage":"de","potentialAction":[{"@type":"ReadAction","target":["https:\/\/anzeindaz.com\/activites\/"]}]},{"@type":"BreadcrumbList","@id":"https:\/\/anzeindaz.com\/activites\/#breadcrumb","itemListElement":[{"@type":"ListItem","position":1,"name":"Accueil","item":"https:\/\/anzeindaz.com\/de\/"},{"@type":"ListItem","position":2,"name":"AKTIVIT\u00c4TEN"}]},{"@type":"WebSite","@id":"https:\/\/anzeindaz.com\/#website","url":"https:\/\/anzeindaz.com\/","name":"Refuge Giacomini","description":"Ma parenth\u00e8se hors du temps","publisher":{"@id":"https:\/\/anzeindaz.com\/#organization"},"potentialAction":[{"@type":"SearchAction","target":{"@type":"EntryPoint","urlTemplate":"https:\/\/anzeindaz.com\/?s={search_term_string}"},"query-input":{"@type":"PropertyValueSpecification","valueRequired":true,"valueName":"search_term_string"}}],"inLanguage":"de"},{"@type":"Organization","@id":"https:\/\/anzeindaz.com\/#organization","name":"Refuge Giacomini","url":"https:\/\/anzeindaz.com\/","logo":{"@type":"ImageObject","inLanguage":"de","@id":"https:\/\/anzeindaz.com\/#\/schema\/logo\/image\/","url":"https:\/\/anzeindaz.com\/wp-content\/uploads\/2019\/04\/LOGO-RZ-black.jpg","contentUrl":"https:\/\/anzeindaz.com\/wp-content\/uploads\/2019\/04\/LOGO-RZ-black.jpg","width":600,"height":600,"caption":"Refuge Giacomini"},"image":{"@id":"https:\/\/anzeindaz.com\/#\/schema\/logo\/image\/"},"sameAs":["https:\/\/www.facebook.com\/RefugeGiacomini\/?modal=admin_todo_tour","https:\/\/www.instagram.com\/refugegiacomini\/"]}]}},"_links":{"self":[{"href":"https:\/\/anzeindaz.com\/de\/wp-json\/wp\/v2\/pages\/1923","targetHints":{"allow":["GET"]}}],"collection":[{"href":"https:\/\/anzeindaz.com\/de\/wp-json\/wp\/v2\/pages"}],"about":[{"href":"https:\/\/anzeindaz.com\/de\/wp-json\/wp\/v2\/types\/page"}],"author":[{"embeddable":true,"href":"https:\/\/anzeindaz.com\/de\/wp-json\/wp\/v2\/users\/6"}],"replies":[{"embeddable":true,"href":"https:\/\/anzeindaz.com\/de\/wp-json\/wp\/v2\/comments?post=1923"}],"version-history":[{"count":3,"href":"https:\/\/anzeindaz.com\/de\/wp-json\/wp\/v2\/pages\/1923\/revisions"}],"predecessor-version":[{"id":1926,"href":"https:\/\/anzeindaz.com\/de\/wp-json\/wp\/v2\/pages\/1923\/revisions\/1926"}],"wp:attachment":[{"href":"https:\/\/anzeindaz.com\/de\/wp-json\/wp\/v2\/media?parent=1923"}],"curies":[{"name":"wp","href":"https:\/\/api.w.org\/{rel}","templated":true}]}}